{"id":297,"date":"2022-04-29T15:08:50","date_gmt":"2022-04-29T12:08:50","guid":{"rendered":"https:\/\/k12.ivm.ee\/?page_id=297"},"modified":"2022-08-29T07:14:28","modified_gmt":"2022-08-29T04:14:28","slug":"o-nas","status":"publish","type":"page","link":"https:\/\/www.kiisa12.ee\/ru\/o-nas\/","title":{"rendered":"\u041e \u043d\u0430\u0441"},"content":{"rendered":"\t\t<div data-elementor-type=\"wp-page\" data-elementor-id=\"297\" class=\"elementor elementor-297\" data-elementor-post-type=\"page\">\n\t\t\t\t\t\t<section class=\"elementor-section elementor-top-section elementor-element elementor-element-5752a80b elementor-section-full_width elementor-section-height-min-height elementor-section-height-default elementor-section-items-middle\" data-id=\"5752a80b\" data-element_type=\"section\" data-settings=\"{&quot;background_background&quot;:&quot;classic&quot;}\">\n\t\t\t\t\t\t\t<div class=\"elementor-background-overlay\"><\/div>\n\t\t\t\t\t\t\t<div class=\"elementor-container elementor-column-gap-default\">\n\t\t\t\t\t<div class=\"elementor-column elementor-col-100 elementor-top-column elementor-element elementor-element-5eb577e\" data-id=\"5eb577e\" data-element_type=\"column\">\n\t\t\t<div class=\"elementor-widget-wrap\">\n\t\t\t\t\t\t\t<\/div>\n\t\t<\/div>\n\t\t\t\t\t<\/div>\n\t\t<\/section>\n\t\t\t\t<section class=\"elementor-section elementor-top-section elementor-element elementor-element-b844abd elementor-section-boxed elementor-section-height-default elementor-section-height-default\" data-id=\"b844abd\" data-element_type=\"section\">\n\t\t\t\t\t\t<div class=\"elementor-container elementor-column-gap-default\">\n\t\t\t\t\t<div class=\"elementor-column elementor-col-100 elementor-top-column elementor-element elementor-element-1f161fb\" data-id=\"1f161fb\" data-element_type=\"column\">\n\t\t\t<div class=\"elementor-widget-wrap elementor-element-populated\">\n\t\t\t\t\t\t<div class=\"elementor-element elementor-element-4e0c084 elementor-widget elementor-widget-heading\" data-id=\"4e0c084\" data-element_type=\"widget\" data-widget_type=\"heading.default\">\n\t\t\t\t\t<h2 class=\"elementor-heading-title elementor-size-default\">\u041e \u043d\u0430\u0441<\/h2>\t\t\t\t<\/div>\n\t\t\t\t<div class=\"elementor-element elementor-element-ce52263 elementor-widget elementor-widget-text-editor\" data-id=\"ce52263\" data-element_type=\"widget\" data-widget_type=\"text-editor.default\">\n\t\t\t\t\t\t\t\t\t<p>\u0412 \u0441\u043e\u0442\u0440\u0443\u0434\u043d\u0438\u0447\u0435\u0441\u0442\u0432\u0435 \u0441 \u0434\u043e\u043b\u0433\u043e\u0441\u0440\u043e\u0447\u043d\u044b\u043c \u043f\u0430\u0440\u0442\u043d\u0435\u0440\u043e\u043c \u0441\u0442\u0440\u043e\u0438\u0442\u0435\u043b\u044c\u043d\u043e\u0439 \u0444\u0438\u0440\u043c\u043e\u0439 Bitakco O\u00dc \u0431\u044b\u043b\u0438 \u043f\u043e\u0441\u0442\u0440\u043e\u0435\u043d\u044b \u0438 \u0437\u0430\u043f\u0443\u0449\u0435\u043d\u044b \u0441\u043b\u0435\u0434\u0443\u044e\u0449\u0438\u0435 \u043e\u0431\u044a\u0435\u043a\u0442\u044b \u043d\u0435\u0434\u0432\u0438\u0436\u0438\u043c\u043e\u0441\u0442\u0438:<\/p>\t\t\t\t\t\t\t\t<\/div>\n\t\t\t\t<div class=\"elementor-element elementor-element-6234b2f elementor-widget elementor-widget-text-editor\" data-id=\"6234b2f\" data-element_type=\"widget\" data-widget_type=\"text-editor.default\">\n\t\t\t\t\t\t\t\t\t<p><strong>\u00dcmera Keskus, Tallinn<br \/><\/strong><strong>Kuusiku tee kortermajad, Loo<\/strong><br \/><strong>\u00dcmera 3b hostel, Tallinn<\/strong><br \/><strong>Kepsu elurajoon, Viimsi<\/strong><br \/><strong>Altmetsa MAXIMA X, Maardu<\/strong><br \/><strong>M\u00e4rjamaa MAXIMA X, M\u00e4rjamaa<\/strong><\/p>\t\t\t\t\t\t\t\t<\/div>\n\t\t\t\t\t<\/div>\n\t\t<\/div>\n\t\t\t\t\t<\/div>\n\t\t<\/section>\n\t\t\t\t<\/div>\n\t\t","protected":false},"excerpt":{"rendered":"<p>\u041e \u043d\u0430\u0441 \u0412 \u0441\u043e\u0442\u0440\u0443\u0434\u043d\u0438\u0447\u0435\u0441\u0442\u0432\u0435 \u0441 \u0434\u043e\u043b\u0433\u043e\u0441\u0440\u043e\u0447\u043d\u044b\u043c \u043f\u0430\u0440\u0442\u043d\u0435\u0440\u043e\u043c \u0441\u0442\u0440\u043e\u0438\u0442\u0435\u043b\u044c\u043d\u043e\u0439 \u0444\u0438\u0440\u043c\u043e\u0439 Bitakco O\u00dc \u0431\u044b\u043b\u0438 \u043f\u043e\u0441\u0442\u0440\u043e\u0435\u043d\u044b \u0438 \u0437\u0430\u043f\u0443\u0449\u0435\u043d\u044b \u0441\u043b\u0435\u0434\u0443\u044e\u0449\u0438\u0435 \u043e\u0431\u044a\u0435\u043a\u0442\u044b \u043d\u0435\u0434\u0432\u0438\u0436\u0438\u043c\u043e\u0441\u0442\u0438: \u00dcmera Keskus, TallinnKuusiku tee kortermajad, Loo\u00dcmera 3b hostel, TallinnKepsu elurajoon, ViimsiAltmetsa MAXIMA X, MaarduM\u00e4rjamaa MAXIMA X, M\u00e4rjamaa<\/p>\n","protected":false},"author":1,"featured_media":0,"parent":0,"menu_order":0,"comment_status":"closed","ping_status":"closed","template":"elementor_header_footer","meta":{"footnotes":""},"class_list":["post-297","page","type-page","status-publish","hentry"],"_links":{"self":[{"href":"https:\/\/www.kiisa12.ee\/ru\/wp-json\/wp\/v2\/pages\/297","targetHints":{"allow":["GET"]}}],"collection":[{"href":"https:\/\/www.kiisa12.ee\/ru\/wp-json\/wp\/v2\/pages"}],"about":[{"href":"https:\/\/www.kiisa12.ee\/ru\/wp-json\/wp\/v2\/types\/page"}],"author":[{"embeddable":true,"href":"https:\/\/www.kiisa12.ee\/ru\/wp-json\/wp\/v2\/users\/1"}],"replies":[{"embeddable":true,"href":"https:\/\/www.kiisa12.ee\/ru\/wp-json\/wp\/v2\/comments?post=297"}],"version-history":[{"count":31,"href":"https:\/\/www.kiisa12.ee\/ru\/wp-json\/wp\/v2\/pages\/297\/revisions"}],"predecessor-version":[{"id":1276,"href":"https:\/\/www.kiisa12.ee\/ru\/wp-json\/wp\/v2\/pages\/297\/revisions\/1276"}],"wp:attachment":[{"href":"https:\/\/www.kiisa12.ee\/ru\/wp-json\/wp\/v2\/media?parent=297"}],"curies":[{"name":"wp","href":"https:\/\/api.w.org\/{rel}","templated":true}]}}